{"id":8,"date":"2025-11-19T23:46:15","date_gmt":"2025-11-20T02:46:15","guid":{"rendered":"http:\/\/vivianyfagundes.adv.br\/?page_id=8"},"modified":"2025-11-19T23:46:16","modified_gmt":"2025-11-20T02:46:16","slug":"fagundes-advocacia","status":"publish","type":"page","link":"http:\/\/vivianyfagundes.adv.br\/","title":{"rendered":"Fagundes Advocacia"},"content":{"rendered":"\n<div class=\"wp-block-group alignfull has-accent-background-color has-background has-global-padding is-layout-constrained wp-container-core-group-is-layout-669513ed wp-block-group-is-layout-constrained\" style=\"margin-top:0;margin-bottom:0;padding-top:var(--wp--preset--spacing--50);padding-right:var(--wp--preset--spacing--50);padding-bottom:var(--wp--preset--spacing--50);padding-left:var(--wp--preset--spacing--50)\">\n<div class=\"wp-block-columns alignwide is-layout-flex wp-container-core-columns-is-layout-1da03c2a wp-block-columns-is-layout-flex\">\n<div class=\"wp-block-column is-vertically-aligned-stretch is-layout-flow wp-block-column-is-layout-flow\" style=\"flex-basis:50%\">\n<div class=\"wp-block-group is-vertical is-content-justification-stretch is-layout-flex wp-container-core-group-is-layout-444d5ee8 wp-block-group-is-layout-flex\" style=\"min-height:100%\">\n<p class=\"has-heading-font-family has-x-large-font-size\" style=\"line-height:1.2\">Viviane Fagundes, advogada previdenciarista, profissional especializada em Direito Previdenci\u00e1rio, respons\u00e1vel por defender os direitos dos segurados do INSS. Atua em processos administrativos e judiciais, buscando benef\u00edcios como aposentadorias, aux\u00edlios e pens\u00f5es. <\/p>\n\n\n\n<div class=\"wp-block-group has-global-padding is-content-justification-left is-layout-constrained wp-container-core-group-is-layout-9fe8ed88 wp-block-group-is-layout-constrained\">\n<p class=\"wp-container-content-0733e5d0\">Deixando uma marca indel\u00e9vel na paisagem do amanh\u00e3.<\/p>\n\n\n\n<div class=\"wp-block-buttons is-layout-flex wp-block-buttons-is-layout-flex\">\n<div class=\"wp-block-button\"><a class=\"wp-block-button__link wp-element-button\">Quem somos<\/a><\/div>\n<\/div>\n<\/div>\n<\/div>\n<\/div>\n\n\n\n<div class=\"wp-block-column is-vertically-aligned-center is-layout-flow wp-block-column-is-layout-flow\" style=\"flex-basis:50%\">\n<figure class=\"wp-block-image size-large is-style-rounded is-style-rounded--1\"><img loading=\"lazy\" decoding=\"async\" width=\"819\" height=\"1024\" src=\"http:\/\/vivianyfagundes.adv.br\/wp-content\/uploads\/2025\/11\/Viviane-Fagundes-advogada-Assis-Sao-Paulo-819x1024.png\" alt=\"\" class=\"wp-image-10\" srcset=\"http:\/\/vivianyfagundes.adv.br\/wp-content\/uploads\/2025\/11\/Viviane-Fagundes-advogada-Assis-Sao-Paulo-819x1024.png 819w, http:\/\/vivianyfagundes.adv.br\/wp-content\/uploads\/2025\/11\/Viviane-Fagundes-advogada-Assis-Sao-Paulo-240x300.png 240w, http:\/\/vivianyfagundes.adv.br\/wp-content\/uploads\/2025\/11\/Viviane-Fagundes-advogada-Assis-Sao-Paulo-768x960.png 768w, http:\/\/vivianyfagundes.adv.br\/wp-content\/uploads\/2025\/11\/Viviane-Fagundes-advogada-Assis-Sao-Paulo.png 1080w\" sizes=\"auto, (max-width: 819px) 100vw, 819px\" \/><\/figure>\n<\/div>\n<\/div>\n<\/div>\n\n\n\n<div class=\"wp-block-group alignfull has-base-background-color has-background has-global-padding is-layout-constrained wp-container-core-group-is-layout-d89aad35 wp-block-group-is-layout-constrained\" style=\"margin-top:0;margin-bottom:0;padding-top:var(--wp--preset--spacing--50);padding-right:var(--wp--preset--spacing--50);padding-bottom:var(--wp--preset--spacing--50);padding-left:var(--wp--preset--spacing--50)\">\n<div class=\"wp-block-columns alignwide is-layout-flex wp-container-core-columns-is-layout-549b0c86 wp-block-columns-is-layout-flex\">\n<div class=\"wp-block-column has-global-padding is-content-justification-left is-layout-constrained wp-container-core-column-is-layout-4f15e8fe wp-block-column-is-layout-constrained\" style=\"flex-basis:40%\">\n<p>Espa\u00e7o dedicado a inspira\u00e7\u00f5es<\/p>\n<\/div>\n\n\n\n<div class=\"wp-block-column is-layout-flow wp-container-core-column-is-layout-119bc444 wp-block-column-is-layout-flow\" style=\"flex-basis:60%\">\n<p class=\"has-heading-font-family has-x-large-font-size\" style=\"line-height:1.2\">Com aten\u00e7\u00e3o meticulosa aos detalhes e compromisso com a excel\u00eancia, criamos espa\u00e7os que inspiram, elevam e enriquecem a vida daqueles que os habitam.<\/p>\n\n\n\n<div class=\"wp-block-columns is-layout-flex wp-container-core-columns-is-layout-87beb0d0 wp-block-columns-is-layout-flex\">\n<div class=\"wp-block-column is-layout-flow wp-block-column-is-layout-flow\">\n<p class=\"wp-container-content-9cfa9a5a\">A revitalizada Art Gallery est\u00e1 pronta para redefinir o cen\u00e1rio cultural de Toronto, servindo como um nexo de express\u00e3o art\u00edstica, engajamento comunit\u00e1rio e maravilha arquitet\u00f4nica. O projeto de expans\u00e3o e renova\u00e7\u00e3o homenageia a rica hist\u00f3ria da Art Gallery ao mesmo tempo em que abra\u00e7a o futuro, garantindo que a galeria continue sendo um farol de inspira\u00e7\u00e3o.<\/p>\n<\/div>\n\n\n\n<div class=\"wp-block-column is-layout-flow wp-block-column-is-layout-flow\">\n<p>A revitalizada Art Gallery est\u00e1 pronta para redefinir o cen\u00e1rio cultural de Toronto, servindo como um nexo de express\u00e3o art\u00edstica, engajamento comunit\u00e1rio e maravilha arquitet\u00f4nica. O projeto de expans\u00e3o e renova\u00e7\u00e3o homenageia a rica hist\u00f3ria da Art Gallery ao mesmo tempo em que abra\u00e7a o futuro, garantindo que a galeria continue sendo um farol de inspira\u00e7\u00e3o.<\/p>\n<\/div>\n<\/div>\n<\/div>\n<\/div>\n<\/div>\n\n\n\n<div class=\"wp-block-group alignfull has-accent-5-background-color has-background has-global-padding is-layout-constrained wp-container-core-group-is-layout-d89aad35 wp-block-group-is-layout-constrained\" style=\"margin-top:0;margin-bottom:0;padding-top:var(--wp--preset--spacing--50);padding-right:var(--wp--preset--spacing--50);padding-bottom:var(--wp--preset--spacing--50);padding-left:var(--wp--preset--spacing--50)\">\n<div class=\"wp-block-columns alignwide is-layout-flex wp-container-core-columns-is-layout-1da03c2a wp-block-columns-is-layout-flex\">\n<div class=\"wp-block-column is-vertically-aligned-center is-layout-flow wp-block-column-is-layout-flow\" style=\"flex-basis:60%\">\n<figure class=\"wp-block-image size-full is-style-rounded wp-duotone-duotone-1 is-style-rounded--2\"><img decoding=\"async\" src=\"http:\/\/vivianyfagundes.adv.br\/wp-content\/themes\/twentytwentyfour\/assets\/images\/abstract-geometric-art.webp\" alt=\"Arte geom\u00e9trica abstrata branca de Dresden, Alemanha\" style=\"aspect-ratio:4\/3;object-fit:cover\"\/><\/figure>\n<\/div>\n\n\n\n<div class=\"wp-block-column is-layout-flow wp-block-column-is-layout-flow\" style=\"flex-basis:40%\">\n<h2 class=\"wp-block-heading\">Guiando seu neg\u00f3cio atrav\u00e9s do projeto<\/h2>\n\n\n\n<p>Experimente a fus\u00e3o de imagina\u00e7\u00e3o e experi\u00eancia com \u00c9tudes, o catalisador para transforma\u00e7\u00f5es arquitet\u00f4nicas que enriquecem o mundo ao nosso redor.<\/p>\n\n\n\n<div class=\"wp-block-buttons is-layout-flex wp-block-buttons-is-layout-flex\">\n<div class=\"wp-block-button\"><a class=\"wp-block-button__link wp-element-button\">Nossos servi\u00e7os<\/a><\/div>\n<\/div>\n<\/div>\n<\/div>\n<\/div>\n\n\n\n<div class=\"wp-block-group alignfull has-global-padding is-layout-constrained wp-container-core-group-is-layout-669513ed wp-block-group-is-layout-constrained\" style=\"margin-top:0;margin-bottom:0;padding-top:var(--wp--preset--spacing--50);padding-right:var(--wp--preset--spacing--50);padding-bottom:var(--wp--preset--spacing--50);padding-left:var(--wp--preset--spacing--50)\">\n<div class=\"wp-block-group is-vertical is-content-justification-center is-layout-flex wp-container-core-group-is-layout-ce155fab wp-block-group-is-layout-flex\">\n<h2 class=\"wp-block-heading has-text-align-center has-xx-large-font-size\">Conhe\u00e7a nossa equipe<\/h2>\n\n\n\n<p class=\"has-text-align-center\">Nosso abrangente conjunto de profissionais atende a uma equipe diversificada, que vai de arquitetos experientes a engenheiros renomados.<\/p>\n<\/div>\n\n\n\n<div style=\"height:var(--wp--preset--spacing--30)\" aria-hidden=\"true\" class=\"wp-block-spacer\"><\/div>\n\n\n\n<div class=\"wp-block-columns alignwide is-layout-flex wp-container-core-columns-is-layout-4935966c wp-block-columns-is-layout-flex\" style=\"padding-right:0;padding-left:0\">\n<div class=\"wp-block-column is-layout-flow wp-block-column-is-layout-flow\">\n\n\n<div class=\"wp-block-group is-vertical is-content-justification-center is-nowrap is-layout-flex wp-container-core-group-is-layout-21d4e958 wp-block-group-is-layout-flex\">\n<p class=\"has-text-align-center has-small-font-size\">\n\t\t\t\t\t<strong>Francesca Piovani<\/strong>\n\t\t\t\t<\/p>\n\n\n\n<p class=\"has-text-align-center has-small-font-size\">Fundador, diretor executivo e arquiteto<\/p>\n<\/div>\n<\/div>\n\n\n\n<div class=\"wp-block-column is-layout-flow wp-block-column-is-layout-flow\">\n\n\n<div class=\"wp-block-group is-vertical is-content-justification-center is-nowrap is-layout-flex wp-container-core-group-is-layout-63bfd6c1 wp-block-group-is-layout-flex\">\n<p class=\"has-text-align-center has-small-font-size\">\n\t\t\t\t\t<strong>Rhye Moore<\/strong>\n\t\t\t\t<\/p>\n\n\n\n<p class=\"has-text-align-center has-small-font-size\">Diretor de engenharia<\/p>\n<\/div>\n<\/div>\n\n\n\n<div class=\"wp-block-column is-layout-flow wp-block-column-is-layout-flow\">\n\n\n<div class=\"wp-block-group is-vertical is-content-justification-center is-nowrap is-layout-flex wp-container-core-group-is-layout-63bfd6c1 wp-block-group-is-layout-flex\">\n<p class=\"has-text-align-center has-small-font-size\">\n\t\t\t\t\t<strong>Helga Steiner<\/strong>\n\t\t\t\t<\/p>\n\n\n\n<p class=\"has-text-align-center has-small-font-size\">Arquiteto<\/p>\n<\/div>\n<\/div>\n\n\n\n<div class=\"wp-block-column is-layout-flow wp-block-column-is-layout-flow\">\n\n\n<div class=\"wp-block-group is-vertical is-content-justification-center is-nowrap is-layout-flex wp-container-core-group-is-layout-21d4e958 wp-block-group-is-layout-flex\">\n<p class=\"has-text-align-center has-small-font-size\">\n\t\t\t\t\t<strong>Ivan Lawrence<\/strong>\n\t\t\t\t<\/p>\n\n\n\n<p class=\"has-text-align-center has-small-font-size\">Gerente de projeto<\/p>\n<\/div>\n<\/div>\n<\/div>\n<\/div>\n\n\n\n<div class=\"wp-block-group alignfull has-global-padding is-layout-constrained wp-container-core-group-is-layout-d89aad35 wp-block-group-is-layout-constrained\" style=\"margin-top:0;margin-bottom:0;padding-top:var(--wp--preset--spacing--50);padding-right:var(--wp--preset--spacing--50);padding-bottom:var(--wp--preset--spacing--50);padding-left:var(--wp--preset--spacing--50)\">\n<div class=\"wp-block-group alignwide has-base-2-background-color has-background is-layout-flow wp-block-group-is-layout-flow\" style=\"border-radius:16px;padding-top:var(--wp--preset--spacing--50);padding-right:var(--wp--preset--spacing--50);padding-bottom:var(--wp--preset--spacing--50);padding-left:var(--wp--preset--spacing--50)\">\n<p class=\"has-text-align-center\">We\u2019ve worked with some of the best companies.<\/p>\n\n\n\n<div style=\"height:var(--wp--preset--spacing--10)\" aria-hidden=\"true\" class=\"wp-block-spacer\"><\/div>\n\n\n\n<div class=\"wp-block-group alignwide is-content-justification-center is-layout-flex wp-container-core-group-is-layout-f95ffa09 wp-block-group-is-layout-flex\" style=\"padding-top:0;padding-right:0;padding-bottom:0;padding-left:0\">\n\n\n\n\n\n\n\n<\/div>\n<\/div>\n<\/div>\n\n\n\n<div class=\"wp-block-group alignfull has-base-color has-contrast-background-color has-text-color has-background has-link-color wp-elements-4f0db04e1c5aada8e9000871a6726d20 has-global-padding is-layout-constrained wp-container-core-group-is-layout-d89aad35 wp-block-group-is-layout-constrained\" style=\"margin-top:0;margin-bottom:0;padding-top:var(--wp--preset--spacing--50);padding-right:var(--wp--preset--spacing--50);padding-bottom:var(--wp--preset--spacing--50);padding-left:var(--wp--preset--spacing--50)\">\n<h2 class=\"wp-block-heading alignwide has-base-color has-text-color has-link-color wp-elements-d584623e4a1981b9d01b9ac2ab73ebba\" style=\"font-size:clamp(4.509rem, 4.509rem + ((1vw - 0.2rem) * 9.152), 10rem);letter-spacing:-0.02em\">Perguntas frequentes<\/h2>\n\n\n\n<div class=\"wp-block-group alignwide is-layout-flow wp-block-group-is-layout-flow\">\n<hr class=\"wp-block-separator has-text-color has-base-color has-alpha-channel-opacity has-base-background-color has-background is-style-wide\"\/>\n\n\n\n<details class=\"wp-block-details is-style-arrow-icon-details has-medium-font-size is-layout-flow wp-block-details-is-layout-flow\" style=\"border-top-style:none;border-top-width:0px;border-right-style:none;border-right-width:0px;border-bottom-color:var(--wp--preset--color--base);border-bottom-style:solid;border-bottom-width:1px;border-left-style:none;border-left-width:0px;margin-top:0\"><summary>What is your process working in smaller projects?<\/summary>\n<p class=\"has-contrast-1-color has-text-color has-link-color wp-elements-c7a6a2949ec955eb29254d2d7fb719b9\">\u00c9tudes offers comprehensive consulting, management, design, and research solutions. Our vision is to be at the forefront of architectural innovation, fostering a global community of architects and enthusiasts united by a passion for creating spaces. Every architectural endeavor is an opportunity to shape the future.<\/p>\n<\/details>\n\n\n\n<details class=\"wp-block-details is-style-arrow-icon-details has-medium-font-size is-layout-flow wp-block-details-is-layout-flow\" style=\"border-top-style:none;border-top-width:0px;border-right-style:none;border-right-width:0px;border-bottom-color:var(--wp--preset--color--base);border-bottom-style:solid;border-bottom-width:1px;border-left-style:none;border-left-width:0px;margin-top:0\"><summary>Who is behind \u00c9tudes?<\/summary>\n<p class=\"has-contrast-1-color has-text-color has-link-color wp-elements-c7a6a2949ec955eb29254d2d7fb719b9\">\u00c9tudes offers comprehensive consulting, management, design, and research solutions. Our vision is to be at the forefront of architectural innovation, fostering a global community of architects and enthusiasts united by a passion for creating spaces. Every architectural endeavor is an opportunity to shape the future.<\/p>\n<\/details>\n\n\n\n<details class=\"wp-block-details is-style-arrow-icon-details has-medium-font-size is-layout-flow wp-block-details-is-layout-flow\" style=\"border-top-style:none;border-top-width:0px;border-right-style:none;border-right-width:0px;border-bottom-color:var(--wp--preset--color--base);border-bottom-style:solid;border-bottom-width:1px;border-left-style:none;border-left-width:0px;margin-top:0\"><summary>I&#8217;d like to get to meet fellow architects, how can I do that?<\/summary>\n<p class=\"has-contrast-1-color has-text-color has-link-color wp-elements-c7a6a2949ec955eb29254d2d7fb719b9\">\u00c9tudes offers comprehensive consulting, management, design, and research solutions. Our vision is to be at the forefront of architectural innovation, fostering a global community of architects and enthusiasts united by a passion for creating spaces. Every architectural endeavor is an opportunity to shape the future.<\/p>\n<\/details>\n\n\n\n<details class=\"wp-block-details is-style-arrow-icon-details has-medium-font-size is-layout-flow wp-block-details-is-layout-flow\" style=\"border-top-style:none;border-top-width:0px;border-right-style:none;border-right-width:0px;border-bottom-color:var(--wp--preset--color--base);border-bottom-style:solid;border-bottom-width:1px;border-left-style:none;border-left-width:0px;margin-top:0\"><summary>Can I apply to be a part of the team or work as a contractor?<\/summary>\n<p class=\"has-contrast-1-color has-text-color has-link-color wp-elements-c7a6a2949ec955eb29254d2d7fb719b9\">\u00c9tudes offers comprehensive consulting, management, design, and research solutions. Our vision is to be at the forefront of architectural innovation, fostering a global community of architects and enthusiasts united by a passion for creating spaces. Every architectural endeavor is an opportunity to shape the future.<\/p>\n<\/details>\n\n\n\n<div style=\"margin-top:var(--wp--preset--spacing--10);margin-bottom:0;height:var(--wp--preset--spacing--10)\" aria-hidden=\"true\" class=\"wp-block-spacer\"><\/div>\n<\/div>\n<\/div>\n\n\n\n<div class=\"wp-block-group alignfull has-global-padding is-layout-constrained wp-container-core-group-is-layout-d89aad35 wp-block-group-is-layout-constrained\" style=\"margin-top:0;margin-bottom:0;padding-top:var(--wp--preset--spacing--50);padding-right:var(--wp--preset--spacing--50);padding-bottom:var(--wp--preset--spacing--50);padding-left:var(--wp--preset--spacing--50)\">\n<div class=\"wp-block-columns alignwide are-vertically-aligned-center is-layout-flex wp-container-core-columns-is-layout-47c06fe3 wp-block-columns-is-layout-flex\">\n<div class=\"wp-block-column is-vertically-aligned-center is-layout-flow wp-block-column-is-layout-flow\" style=\"flex-basis:50%\">\n<h2 class=\"wp-block-heading\">Melhore sua jornada arquitet\u00f4nica com o aplicativo \u00c9tudes Architect.<\/h2>\n\n\n\n<ul style=\"line-height:1.75\" class=\"wp-block-list is-style-checkmark-list\">\n<li>Colabore com outros arquitetos.<\/li>\n\n\n\n<li>Mostre os seus projetos.<\/li>\n\n\n\n<li>Experimente o mundo da arquitetura.<\/li>\n<\/ul>\n\n\n\n<div class=\"wp-block-buttons is-layout-flex wp-block-buttons-is-layout-flex\">\n<div class=\"wp-block-button\"><a class=\"wp-block-button__link wp-element-button\">Baixar o aplicativo<\/a><\/div>\n\n\n\n<div class=\"wp-block-button is-style-outline is-style-outline--7\"><a class=\"wp-block-button__link wp-element-button\">Como funciona<\/a><\/div>\n<\/div>\n<\/div>\n\n\n\n<div class=\"wp-block-column is-vertically-aligned-center is-layout-flow wp-block-column-is-layout-flow\" style=\"flex-basis:50%\">\n<figure class=\"wp-block-image size-full is-style-rounded is-style-rounded--8\"><img decoding=\"async\" src=\"http:\/\/vivianyfagundes.adv.br\/wp-content\/themes\/twentytwentyfour\/assets\/images\/abstract-geometric-art.webp\" alt=\"Arte geom\u00e9trica abstrata branca de Dresden, Alemanha\" style=\"aspect-ratio:4\/3;object-fit:cover\"\/><\/figure>\n<\/div>\n<\/div>\n<\/div>\n","protected":false},"excerpt":{"rendered":"<p>Viviane Fagundes, advogada previdenciarista, profissional especializada em Direito Previdenci\u00e1rio, respons\u00e1vel por defender os direitos dos segurados do INSS. Atua em processos administrativos e judiciais, buscando benef\u00edcios como aposentadorias, aux\u00edlios e pens\u00f5es. Deixando uma marca indel\u00e9vel na paisagem do amanh\u00e3. Espa\u00e7o dedicado a inspira\u00e7\u00f5es Com aten\u00e7\u00e3o meticulosa aos detalhes e compromisso com a excel\u00eancia, criamos espa\u00e7os [&hellip;]<\/p>\n","protected":false},"author":1,"featured_media":0,"parent":0,"menu_order":0,"comment_status":"closed","ping_status":"closed","template":"","meta":{"footnotes":""},"class_list":["post-8","page","type-page","status-publish","hentry"],"yoast_head":"<!-- This site is optimized with the Yoast SEO plugin v22.8 - https:\/\/yoast.com\/wordpress\/plugins\/seo\/ -->\n<title>Fagundes Advocacia - Vivianyfagundes<\/title>\n<meta name=\"robots\" content=\"index, follow, max-snippet:-1, max-image-preview:large, max-video-preview:-1\" \/>\n<link rel=\"canonical\" href=\"https:\/\/vivianyfagundes.adv.br\/\" \/>\n<meta property=\"og:locale\" content=\"en_US\" \/>\n<meta property=\"og:type\" content=\"article\" \/>\n<meta property=\"og:title\" content=\"Fagundes Advocacia - Vivianyfagundes\" \/>\n<meta property=\"og:description\" content=\"Viviane Fagundes, advogada previdenciarista, profissional especializada em Direito Previdenci\u00e1rio, respons\u00e1vel por defender os direitos dos segurados do INSS. Atua em processos administrativos e judiciais, buscando benef\u00edcios como aposentadorias, aux\u00edlios e pens\u00f5es. Deixando uma marca indel\u00e9vel na paisagem do amanh\u00e3. Espa\u00e7o dedicado a inspira\u00e7\u00f5es Com aten\u00e7\u00e3o meticulosa aos detalhes e compromisso com a excel\u00eancia, criamos espa\u00e7os [&hellip;]\" \/>\n<meta property=\"og:url\" content=\"https:\/\/vivianyfagundes.adv.br\/\" \/>\n<meta property=\"og:site_name\" content=\"Vivianyfagundes\" \/>\n<meta property=\"article:modified_time\" content=\"2025-11-20T02:46:16+00:00\" \/>\n<meta property=\"og:image\" content=\"http:\/\/vivianyfagundes.adv.br\/wp-content\/uploads\/2025\/11\/Viviane-Fagundes-advogada-Assis-Sao-Paulo-819x1024.png\" \/>\n<meta name=\"twitter:card\" content=\"summary_large_image\" \/>\n<meta name=\"twitter:label1\" content=\"Est. reading time\" \/>\n\t<meta name=\"twitter:data1\" content=\"6 minutes\" \/>\n<script type=\"application\/ld+json\" class=\"yoast-schema-graph\">{\"@context\":\"https:\/\/schema.org\",\"@graph\":[{\"@type\":\"WebPage\",\"@id\":\"https:\/\/vivianyfagundes.adv.br\/\",\"url\":\"https:\/\/vivianyfagundes.adv.br\/\",\"name\":\"Fagundes Advocacia - Vivianyfagundes\",\"isPartOf\":{\"@id\":\"https:\/\/vivianyfagundes.adv.br\/#website\"},\"primaryImageOfPage\":{\"@id\":\"https:\/\/vivianyfagundes.adv.br\/#primaryimage\"},\"image\":{\"@id\":\"https:\/\/vivianyfagundes.adv.br\/#primaryimage\"},\"thumbnailUrl\":\"http:\/\/vivianyfagundes.adv.br\/wp-content\/uploads\/2025\/11\/Viviane-Fagundes-advogada-Assis-Sao-Paulo-819x1024.png\",\"datePublished\":\"2025-11-20T02:46:15+00:00\",\"dateModified\":\"2025-11-20T02:46:16+00:00\",\"breadcrumb\":{\"@id\":\"https:\/\/vivianyfagundes.adv.br\/#breadcrumb\"},\"inLanguage\":\"en-US\",\"potentialAction\":[{\"@type\":\"ReadAction\",\"target\":[\"https:\/\/vivianyfagundes.adv.br\/\"]}]},{\"@type\":\"ImageObject\",\"inLanguage\":\"en-US\",\"@id\":\"https:\/\/vivianyfagundes.adv.br\/#primaryimage\",\"url\":\"http:\/\/vivianyfagundes.adv.br\/wp-content\/uploads\/2025\/11\/Viviane-Fagundes-advogada-Assis-Sao-Paulo.png\",\"contentUrl\":\"http:\/\/vivianyfagundes.adv.br\/wp-content\/uploads\/2025\/11\/Viviane-Fagundes-advogada-Assis-Sao-Paulo.png\",\"width\":1080,\"height\":1350},{\"@type\":\"BreadcrumbList\",\"@id\":\"https:\/\/vivianyfagundes.adv.br\/#breadcrumb\",\"itemListElement\":[{\"@type\":\"ListItem\",\"position\":1,\"name\":\"Home\",\"item\":\"https:\/\/vivianyfagundes.adv.br\/\"},{\"@type\":\"ListItem\",\"position\":2,\"name\":\"Fagundes Advocacia\"}]},{\"@type\":\"WebSite\",\"@id\":\"https:\/\/vivianyfagundes.adv.br\/#website\",\"url\":\"https:\/\/vivianyfagundes.adv.br\/\",\"name\":\"Vivianyfagundes\",\"description\":\"\",\"potentialAction\":[{\"@type\":\"SearchAction\",\"target\":{\"@type\":\"EntryPoint\",\"urlTemplate\":\"https:\/\/vivianyfagundes.adv.br\/?s={search_term_string}\"},\"query-input\":\"required name=search_term_string\"}],\"inLanguage\":\"en-US\"}]}<\/script>\n<!-- \/ Yoast SEO plugin. -->","yoast_head_json":{"title":"Fagundes Advocacia - Vivianyfagundes","robots":{"index":"index","follow":"follow","max-snippet":"max-snippet:-1","max-image-preview":"max-image-preview:large","max-video-preview":"max-video-preview:-1"},"canonical":"https:\/\/vivianyfagundes.adv.br\/","og_locale":"en_US","og_type":"article","og_title":"Fagundes Advocacia - Vivianyfagundes","og_description":"Viviane Fagundes, advogada previdenciarista, profissional especializada em Direito Previdenci\u00e1rio, respons\u00e1vel por defender os direitos dos segurados do INSS. Atua em processos administrativos e judiciais, buscando benef\u00edcios como aposentadorias, aux\u00edlios e pens\u00f5es. Deixando uma marca indel\u00e9vel na paisagem do amanh\u00e3. Espa\u00e7o dedicado a inspira\u00e7\u00f5es Com aten\u00e7\u00e3o meticulosa aos detalhes e compromisso com a excel\u00eancia, criamos espa\u00e7os [&hellip;]","og_url":"https:\/\/vivianyfagundes.adv.br\/","og_site_name":"Vivianyfagundes","article_modified_time":"2025-11-20T02:46:16+00:00","og_image":[{"url":"http:\/\/vivianyfagundes.adv.br\/wp-content\/uploads\/2025\/11\/Viviane-Fagundes-advogada-Assis-Sao-Paulo-819x1024.png"}],"twitter_card":"summary_large_image","twitter_misc":{"Est. reading time":"6 minutes"},"schema":{"@context":"https:\/\/schema.org","@graph":[{"@type":"WebPage","@id":"https:\/\/vivianyfagundes.adv.br\/","url":"https:\/\/vivianyfagundes.adv.br\/","name":"Fagundes Advocacia - Vivianyfagundes","isPartOf":{"@id":"https:\/\/vivianyfagundes.adv.br\/#website"},"primaryImageOfPage":{"@id":"https:\/\/vivianyfagundes.adv.br\/#primaryimage"},"image":{"@id":"https:\/\/vivianyfagundes.adv.br\/#primaryimage"},"thumbnailUrl":"http:\/\/vivianyfagundes.adv.br\/wp-content\/uploads\/2025\/11\/Viviane-Fagundes-advogada-Assis-Sao-Paulo-819x1024.png","datePublished":"2025-11-20T02:46:15+00:00","dateModified":"2025-11-20T02:46:16+00:00","breadcrumb":{"@id":"https:\/\/vivianyfagundes.adv.br\/#breadcrumb"},"inLanguage":"en-US","potentialAction":[{"@type":"ReadAction","target":["https:\/\/vivianyfagundes.adv.br\/"]}]},{"@type":"ImageObject","inLanguage":"en-US","@id":"https:\/\/vivianyfagundes.adv.br\/#primaryimage","url":"http:\/\/vivianyfagundes.adv.br\/wp-content\/uploads\/2025\/11\/Viviane-Fagundes-advogada-Assis-Sao-Paulo.png","contentUrl":"http:\/\/vivianyfagundes.adv.br\/wp-content\/uploads\/2025\/11\/Viviane-Fagundes-advogada-Assis-Sao-Paulo.png","width":1080,"height":1350},{"@type":"BreadcrumbList","@id":"https:\/\/vivianyfagundes.adv.br\/#breadcrumb","itemListElement":[{"@type":"ListItem","position":1,"name":"Home","item":"https:\/\/vivianyfagundes.adv.br\/"},{"@type":"ListItem","position":2,"name":"Fagundes Advocacia"}]},{"@type":"WebSite","@id":"https:\/\/vivianyfagundes.adv.br\/#website","url":"https:\/\/vivianyfagundes.adv.br\/","name":"Vivianyfagundes","description":"","potentialAction":[{"@type":"SearchAction","target":{"@type":"EntryPoint","urlTemplate":"https:\/\/vivianyfagundes.adv.br\/?s={search_term_string}"},"query-input":"required name=search_term_string"}],"inLanguage":"en-US"}]}},"_links":{"self":[{"href":"http:\/\/vivianyfagundes.adv.br\/index.php?rest_route=\/wp\/v2\/pages\/8","targetHints":{"allow":["GET"]}}],"collection":[{"href":"http:\/\/vivianyfagundes.adv.br\/index.php?rest_route=\/wp\/v2\/pages"}],"about":[{"href":"http:\/\/vivianyfagundes.adv.br\/index.php?rest_route=\/wp\/v2\/types\/page"}],"author":[{"embeddable":true,"href":"http:\/\/vivianyfagundes.adv.br\/index.php?rest_route=\/wp\/v2\/users\/1"}],"replies":[{"embeddable":true,"href":"http:\/\/vivianyfagundes.adv.br\/index.php?rest_route=%2Fwp%2Fv2%2Fcomments&post=8"}],"version-history":[{"count":1,"href":"http:\/\/vivianyfagundes.adv.br\/index.php?rest_route=\/wp\/v2\/pages\/8\/revisions"}],"predecessor-version":[{"id":11,"href":"http:\/\/vivianyfagundes.adv.br\/index.php?rest_route=\/wp\/v2\/pages\/8\/revisions\/11"}],"wp:attachment":[{"href":"http:\/\/vivianyfagundes.adv.br\/index.php?rest_route=%2Fwp%2Fv2%2Fmedia&parent=8"}],"curies":[{"name":"wp","href":"https:\/\/api.w.org\/{rel}","templated":true}]}}